{"id":216,"date":"2025-10-16T17:18:21","date_gmt":"2025-10-16T17:18:21","guid":{"rendered":"https:\/\/www.ochoa-wagner-produktion.de\/?page_id=216"},"modified":"2025-10-16T17:23:52","modified_gmt":"2025-10-16T17:23:52","slug":"elvira-ochoa","status":"publish","type":"page","link":"https:\/\/www.ochoa-wagner-produktion.de\/?page_id=216","title":{"rendered":"Elvira Ochoa [ES]"},"content":{"rendered":"\n<figure class=\"wp-block-image size-full\"><img loading=\"lazy\" decoding=\"async\" width=\"400\" height=\"268\" src=\"http:\/\/www.ochoa-wagner-produktion.de\/wp-content\/uploads\/2025\/10\/elvira-1.jpg\" alt=\"\" class=\"wp-image-185\" srcset=\"https:\/\/www.ochoa-wagner-produktion.de\/wp-content\/uploads\/2025\/10\/elvira-1.jpg 400w, https:\/\/www.ochoa-wagner-produktion.de\/wp-content\/uploads\/2025\/10\/elvira-1-300x201.jpg 300w\" sizes=\"auto, (max-width: 400px) 100vw, 400px\" \/><\/figure>\n\n\n\n<p>1946 Roberts\/Argentina<\/p>\n\n\n\n<p>Promoci\u00f3n en la Escuela de Arte de la Universidad de C\u00f3rdoba<br>Estudio en la Escuela de M\u00fasica de Munich\/ Alemania<br>Cursos de perfeccionamiento de clavec\u00edn con Prof.Karl Richter y Zuzana Rudzikova<\/p>\n\n\n\n<p>Musica para dibujos animados, documentales, series para radio y television<\/p>\n\n\n\n<p>________________________________________________________<\/p>\n\n\n\n<p>ZDF<\/p>\n\n\n\n<p>Dibujos animados con el perro<br>\u201cWum quiere una gatita para el fin de semana\u201c &nbsp;<br>\u201cMe llamo Wendelin\u201c<br>\u201cEl elefante gordo\u201c<br>\u201cAbbl dibabbl\u201c<br>\u201cWum, \u00bfqu\u00e9 est\u00e1s tocando en el piano?\u201c<\/p>\n\n\n\n<p>BR<\/p>\n\n\n\n<p>Trailer : \u201cLa amaca\u201c &nbsp;<\/p>\n\n\n\n<p>SDR<\/p>\n\n\n\n<p>Trailer: \u201cTelecabinet de Loriot\u201c<br><em>Textos y dibujos: Loriot<\/em><\/p>\n\n\n\n<p>_____________________________________________________<\/p>\n\n\n\n<p>BR<\/p>\n\n\n\n<p>Musica para documentales y series para &nbsp;radio y televisi\u00f3n<\/p>\n\n\n\n<p>\u201cQuiero volver a mi patria\u201c<br>\u201cLo que al viudo no se le quita\u2026\u201c<br><em>Direcci\u00f3n: Leonore Paurat<\/em><\/p>\n\n\n\n<p>________________________________________________________ &nbsp;&nbsp;&nbsp;<\/p>\n\n\n\n<p>ZDF<\/p>\n\n\n\n<p>\u201cSiena: una ciudad es saneada\u201c<br><em>Direcci\u00f3n: &nbsp;Cinzia Torrini<\/em><\/p>\n\n\n\n<p>BR<\/p>\n\n\n\n<p>\u201cHistoria del movimiento obrero\u201c (l- ll- lll)<br><em>Direcci\u00f3n: Eckhard Garczyk y Thomas Sprengel<\/em><\/p>\n\n\n\n<p>ZDF<\/p>\n\n\n\n<p>\u201cEl mensajero\u201c<br><em>Direcci\u00f3n: Francisco Alcal\u00e1 Toca<\/em><\/p>\n\n\n\n<p>________________________________________________________<\/p>\n\n\n\n<p>ZDF<\/p>\n\n\n\n<p>\u201cPaulina estaba sola en su casa\u201c<br><em>Direcci\u00f3n: Anne Voss<\/em><\/p>\n\n\n\n<p>ZDF<\/p>\n\n\n\n<p>\u201cDiente de le\u00f3n\u201c<br>\u201cEn un lejano planeta \u201c<\/p>\n\n\n\n<p>________________________________________________________ &nbsp;<\/p>\n\n\n\n<p>WDR<\/p>\n\n\n\n<p>\u201c\u00bfC\u00f3mo puedo ganar el Gran Prix Eurovision?\u201c<br>\u201cLa vida en el campo en Argentina\u201c<br><em>Direcci\u00f3n: Frieder Wagner<\/em><\/p>\n\n\n\n<p>________________________________________________________<\/p>\n\n\n\n<p>WDR<\/p>\n\n\n\n<p>\u201cCaminos y laberintos\u201c<br>\u201cMucho humo azul\u201c<br><em>Direcci\u00f3n: J\u00fcrgen Hilgert<\/em><\/p>\n\n\n\n<p>________________________________________________________<\/p>\n\n\n\n<p>ZDF<\/p>\n\n\n\n<p>Trailer serie: \u201cC\u00f3mo el pensamiento influye sobre el mundo\u201c<\/p>\n\n\n\n<p>CD: Piccina Miezekatze<br><em>Textos: Loriot y Peter Lustig<\/em><\/p>\n\n\n\n<p>WDR<\/p>\n\n\n\n<p>\u201cRen\u00e9 y el hoyo m\u00e1s grande del mundo\u201c (I- II)<br><em>Direcci\u00f3n: Frieder Wagner<\/em><\/p>\n\n\n\n<p>________________________________________________________<\/p>\n\n\n\n<p>WDR<\/p>\n\n\n\n<p>\u201cUn destino alem\u00e1n: Karl G. Wilkens\u201c &nbsp;<br><em>Documental de Frieder Wagner y Osvaldo Bayer<\/em><\/p>\n\n\n\n<p>________________________________________________________ &nbsp;<\/p>\n\n\n\n<p>ZDF<\/p>\n\n\n\n<p>\u201cWalter Mertel: Los barriletes pertenecen al cielo\u201c<\/p>\n\n\n\n<p>\u201cEl correo cumple 500 a\u00f1os\u201c &nbsp;<br>D<em>irecci\u00f3n: Frieder Wagner<\/em><\/p>\n\n\n\n<p>WDR<\/p>\n\n\n\n<p>\u201cHistoria de la internacional socialista\u201c<br><em>Direcci\u00f3n: Frieder Wagner<\/em><\/p>\n\n\n\n<p>ZDF<\/p>\n\n\n\n<p>\u201cUna cocina para mam\u00e1\u201c<br>\u201cCascadas adiestradas: fuentes en Alemania\u201c<br><em>Direcci\u00f3n: Frieder Wagner<\/em><\/p>\n\n\n\n<p>_______________________________________________________<\/p>\n\n\n\n<p>WDR<\/p>\n\n\n\n<p>\u201cCoco Chanel\u201c<br>\u201cCaf\u00e9 Odeon\u201c<br>\u201cEvita Per\u00f3n\u201c<br>&nbsp;<em>Direcci\u00f3n: Frieder Wagner<\/em><\/p>\n\n\n\n<p>\u201c400 a\u00f1os despu\u00e9s de Crist\u00f3bal Col\u00f3n\u201c (I- II- III)<br><em>Direcci\u00f3n: Hanno Br\u00fchl<\/em><\/p>\n\n\n\n<p>10 canciones con textos de James Kr\u00fcss<\/p>\n\n\n\n<p>WDR<\/p>\n\n\n\n<p>\u201c\u2026que durante dos d\u00edas no hables bajo la tortura\u201c<br><em>Documental de Frieder Wagner y Osvaldo Bayer<\/em><\/p>\n\n\n\n<p>\u201cLos Carlebachs\u201c<br><em>Direcci\u00f3n: Hanno Br\u00fchl<\/em><\/p>\n\n\n\n<p>Trailers: Redacci\u00f3n \u201cEconom\u00eda\u201c<\/p>\n\n\n\n<p>WDR<\/p>\n\n\n\n<p>\u201cCiudades de Europa: Brujas\u201c &nbsp;<br><em>Direcci\u00f3n: Fritz Breuer<\/em><\/p>\n\n\n\n<p>\u201cHistoria del vestido: el pantal\u00f3n\u201c<br><em>Direcci\u00f3n: Christian Feyerabend<\/em><\/p>\n\n\n\n<p>RTL<\/p>\n\n\n\n<p>\u201cMarcelo y sus perros\u201c &nbsp;&nbsp;&nbsp;&nbsp;&nbsp;&nbsp;&nbsp;&nbsp;&nbsp;&nbsp;&nbsp;&nbsp;&nbsp;&nbsp;&nbsp;&nbsp;&nbsp;&nbsp;&nbsp;&nbsp;&nbsp;&nbsp;&nbsp;&nbsp;&nbsp;&nbsp;&nbsp;&nbsp;&nbsp;&nbsp;&nbsp;&nbsp;&nbsp;&nbsp;&nbsp;&nbsp;&nbsp;&nbsp;&nbsp;&nbsp;&nbsp;&nbsp;&nbsp;&nbsp;&nbsp;&nbsp;&nbsp;&nbsp;&nbsp;&nbsp;&nbsp;&nbsp;&nbsp;&nbsp;&nbsp;&nbsp;&nbsp;&nbsp;&nbsp;&nbsp;&nbsp;&nbsp;&nbsp;&nbsp;&nbsp;<\/p>\n\n\n\n<p>WDR<\/p>\n\n\n\n<p>\u201cEl brujo\u201c<br>\u201cEl millonario de la loter\u00eda\u201c<\/p>\n\n\n\n<p>Industrie Film<br>\u201cManagement del riesgo\u201c<br>\u201cEl ferrocarril de Prignitz\u201c<br><em>Direcci\u00f3n: Frieder Wagner<\/em><\/p>\n\n\n\n<p>WDR<\/p>\n\n\n\n<p>\u201cEl comienzo despu\u00e9s del final\u201c (I- II- III)<br><em>Direcci\u00f3n: G\u00fcnther Ginzel<\/em><\/p>\n\n\n\n<p>Dibujos animados para el \u201cPrograma con el rat\u00f3n\u201c<\/p>\n\n\n\n<p>\u201cEl verano\u201c<br><em>Direcci\u00f3n: Hanno Br\u00fchl<\/em><\/p>\n\n\n\n<p>WDR<\/p>\n\n\n\n<p>\u201cMax H\u00f6lz\u201c<br>\u201cJud\u00edos que fueron desnaturalizados\u201c<br><em>Direcci\u00f3n: Frieder Wagner<\/em><\/p>\n\n\n\n<p>WDR 3 (Radio)<\/p>\n\n\n\n<p>\u201cLa Rita negra\u201c<br><em>Direcci\u00f3n: Angeli Backhausen<\/em><\/p>\n\n\n\n<p>WDR<\/p>\n\n\n\n<p>\u201cNi\u00f1ez bajo Hitler\u201c (I- II- III- IV)<br><em>Direcci\u00f3n: Hanno Br\u00fchl<\/em><\/p>\n\n\n\n<p>WDR 3<\/p>\n\n\n\n<p>\u201cMilo y la b\u00fasqueda de la ni\u00f1a con melena verde\u201c<br>\u201cDetr\u00e1s de la estaci\u00f3n est\u00e1 el mar\u201c &nbsp;<br><em>Direcci\u00f3n: Angeli Backhausen &nbsp;<\/em><\/p>\n\n\n\n<p>WDR 3<\/p>\n\n\n\n<p>\u201cSkelly\u201c<br><em>Direcci\u00f3n: Angeli Backhausen<\/em><\/p>\n\n\n\n<p>______________________________________________________<\/p>\n\n\n\n<p>WDR<\/p>\n\n\n\n<p>\u201cNi\u00f1os en la posguerra\u201c (I- II- III- IV)<br><em>Direcci\u00f3n: Hanno Br\u00fchl<\/em><\/p>\n\n\n\n<p>WDR 3<\/p>\n\n\n\n<p>\u201c35 Kilos de esperanza\u201c<br><em>Direcci\u00f3n: Angeli Backhausen<\/em><\/p>\n\n\n\n<p>________________________________________________________<\/p>\n\n\n\n<p>WDR<\/p>\n\n\n\n<p>\u201cEl m\u00e9dico y los ni\u00f1os contaminados de Basora\u201c<br><em>Direcci\u00f3n: Frieder Wagner<\/em><\/p>\n\n\n\n<p>\u201cPolvillo mortal\u201c (con Mark Joggerts)<br><em>Direcci\u00f3n: Frieder Wagner<\/em><\/p>\n\n\n\n<p>WDR<\/p>\n\n\n\n<p>\u201cC\u00f3mo lleg\u00f3 la electricidad a la regi\u00f3n Eifel (Westfalia)\u201c<br><em>Direcci\u00f3n: Gabriele Jakobi<\/em><\/p>\n\n\n\n<p>WDR\/ARTE\/ETB\/HISTORY CANAL IBERIA<\/p>\n\n\n\n<p>\u201cGernica\u201c &nbsp;<br><em>Direcci\u00f3n: Hanno Br\u00fchl\/ Alberto Rojo<\/em><\/p>\n\n\n\n<hr class=\"wp-block-separator has-alpha-channel-opacity\"\/>\n\n\n\n<p>M\u00fasica en programas premiados: &nbsp;<\/p>\n\n\n\n<figure class=\"wp-block-image\"><img decoding=\"async\" src=\"https:\/\/web.archive.org\/web\/20201026133347im_\/http:\/\/www.ochoa-wagner-produktion.de\/wp-content\/uploads\/2020\/04\/Produccion_Ochoa_html_m3da9ce1f.jpg\" alt=\"\" class=\"wp-image-289\"\/><\/figure>\n\n\n\n<figure class=\"wp-block-image\"><img decoding=\"async\" src=\"https:\/\/web.archive.org\/web\/20201026133347im_\/http:\/\/www.ochoa-wagner-produktion.de\/wp-content\/uploads\/2020\/04\/Produccion_Ochoa_html_m534effc0.jpg\" alt=\"\" class=\"wp-image-290\"\/><\/figure>\n\n\n\n<p>\u201cEl programa con el rat\u00f3n: la gata Piccina\u201c<br>Prix Danube<br>Grimme Preis en oro<br>Rose de Montreux<br>Prix Jeneusse<br>Premio al mejor radioteatro WDR 3<br>Disco de oro<br>Goldene Europa<\/p>\n\n\n\n<p>__________________________________________________________<\/p>\n\n\n\n<p><strong>Ecos del Campo<\/strong><br>Relatos y Retratos<\/p>\n\n\n\n<figure class=\"wp-block-image\"><img decoding=\"async\" src=\"https:\/\/web.archive.org\/web\/20201026133347im_\/http:\/\/www.ochoa-wagner-produktion.de\/wp-content\/uploads\/2020\/05\/buch_elvira_web3-1-189x300.jpg\" alt=\"Cover Book\" class=\"wp-image-626\"\/><\/figure>\n\n\n\n<p>Son relatos de la vida en el campo en Argentina en un pasado no muy lejano y retratos de gente del lugar, quienes a pesar de los l\u00edmites de su existencia lograron realizar sus sue\u00f1os.<br>Es tambi\u00e9n la historia del campo mismo: sobre los cambios en la explotaci\u00f3n de la tierra y su influencia en la vida de la poblaci\u00f3n, los animales y las plantas.<br>Por \u00faltimo, es el relato del exilio de los padres, quienes emigraron de Europa para construir una nueva existencia en Argentina y el exilio de los hijos, quienes al igual que ellos, dejaron atr\u00e1s su pa\u00eds de origen en b\u00fasqueda de un destino propio.<\/p>\n","protected":false},"excerpt":{"rendered":"<p>1946 Roberts\/Argentina Promoci\u00f3n en la Escuela de Arte de la Universidad de C\u00f3rdobaEstudio en la Escuela de M\u00fasica de Munich\/ AlemaniaCursos de perfeccionamiento de clavec\u00edn con Prof.Karl Richter y Zuzana Rudzikova Musica para dibujos animados, documentales, series para radio y &hellip; <a href=\"https:\/\/www.ochoa-wagner-produktion.de\/?page_id=216\">Weiterlesen <span class=\"meta-nav\">&rarr;<\/span><\/a><\/p>\n","protected":false},"author":1,"featured_media":0,"parent":0,"menu_order":0,"comment_status":"closed","ping_status":"closed","template":"","meta":{"footnotes":""},"class_list":["post-216","page","type-page","status-publish","hentry"],"_links":{"self":[{"href":"https:\/\/www.ochoa-wagner-produktion.de\/index.php?rest_route=\/wp\/v2\/pages\/216","targetHints":{"allow":["GET"]}}],"collection":[{"href":"https:\/\/www.ochoa-wagner-produktion.de\/index.php?rest_route=\/wp\/v2\/pages"}],"about":[{"href":"https:\/\/www.ochoa-wagner-produktion.de\/index.php?rest_route=\/wp\/v2\/types\/page"}],"author":[{"embeddable":true,"href":"https:\/\/www.ochoa-wagner-produktion.de\/index.php?rest_route=\/wp\/v2\/users\/1"}],"replies":[{"embeddable":true,"href":"https:\/\/www.ochoa-wagner-produktion.de\/index.php?rest_route=%2Fwp%2Fv2%2Fcomments&post=216"}],"version-history":[{"count":3,"href":"https:\/\/www.ochoa-wagner-produktion.de\/index.php?rest_route=\/wp\/v2\/pages\/216\/revisions"}],"predecessor-version":[{"id":225,"href":"https:\/\/www.ochoa-wagner-produktion.de\/index.php?rest_route=\/wp\/v2\/pages\/216\/revisions\/225"}],"wp:attachment":[{"href":"https:\/\/www.ochoa-wagner-produktion.de\/index.php?rest_route=%2Fwp%2Fv2%2Fmedia&parent=216"}],"curies":[{"name":"wp","href":"https:\/\/api.w.org\/{rel}","templated":true}]}}